{"id":1414,"date":"2021-07-12T17:25:25","date_gmt":"2021-07-12T15:25:25","guid":{"rendered":"https:\/\/rrvcp.wordpress.manobi.com\/?page_id=1414"},"modified":"2021-07-15T11:17:01","modified_gmt":"2021-07-15T09:17:01","slug":"news","status":"publish","type":"page","link":"https:\/\/rrvcp.wordpress.manobi.com\/?page_id=1414","title":{"rendered":"News"},"content":{"rendered":"\t\t<div data-elementor-type=\"wp-page\" data-elementor-id=\"1414\" class=\"elementor elementor-1414\" data-elementor-post-type=\"page\">\n\t\t\t\t\t\t<section class=\"elementor-section elementor-top-section elementor-element elementor-element-375a5ff9 elementor-section-height-min-height elementor-section-stretched elementor-section-boxed elementor-section-height-default elementor-section-items-middle\" data-id=\"375a5ff9\" data-element_type=\"section\" id=\"backhead\" data-settings=\"{&quot;background_background&quot;:&quot;classic&quot;,&quot;stretch_section&quot;:&quot;section-stretched&quot;}\">\n\t\t\t\t\t\t\t<div class=\"elementor-background-overlay\"><\/div>\n\t\t\t\t\t\t\t<div class=\"elementor-container elementor-column-gap-no\">\n\t\t\t\t\t<div class=\"elementor-column elementor-col-50 elementor-top-column elementor-element elementor-element-21960f5a\" data-id=\"21960f5a\" data-element_type=\"column\">\n\t\t\t<div class=\"elementor-widget-wrap elementor-element-populated\">\n\t\t\t\t\t\t<div class=\"elementor-element elementor-element-6c055b12 elementor-widget elementor-widget-heading\" data-id=\"6c055b12\" data-element_type=\"widget\" data-widget_type=\"heading.default\">\n\t\t\t\t<div class=\"elementor-widget-container\">\n\t\t\t<h2 class=\"elementor-heading-title elementor-size-default\">News<\/h2>\t\t<\/div>\n\t\t\t\t<\/div>\n\t\t\t\t\t<\/div>\n\t\t<\/div>\n\t\t\t\t<div class=\"elementor-column elementor-col-50 elementor-top-column elementor-element elementor-element-616aeab4\" data-id=\"616aeab4\" data-element_type=\"column\">\n\t\t\t<div class=\"elementor-widget-wrap\">\n\t\t\t\t\t\t\t<\/div>\n\t\t<\/div>\n\t\t\t\t\t<\/div>\n\t\t<\/section>\n\t\t\t\t<section class=\"elementor-section elementor-top-section elementor-element elementor-element-df3c9e4 elementor-section-boxed elementor-section-height-default elementor-section-height-default\" data-id=\"df3c9e4\" data-element_type=\"section\" data-settings=\"{&quot;background_background&quot;:&quot;classic&quot;}\">\n\t\t\t\t\t\t<div class=\"elementor-container elementor-column-gap-default\">\n\t\t\t\t\t<div class=\"elementor-column elementor-col-100 elementor-top-column elementor-element elementor-element-9b5e12a\" data-id=\"9b5e12a\" data-element_type=\"column\">\n\t\t\t<div class=\"elementor-widget-wrap elementor-element-populated\">\n\t\t\t\t\t\t<div class=\"elementor-element elementor-element-e945ab5 elementor-widget elementor-widget-shortcode\" data-id=\"e945ab5\" data-element_type=\"widget\" data-widget_type=\"shortcode.default\">\n\t\t\t\t<div class=\"elementor-widget-container\">\n\t\t\t\t\t<div class=\"elementor-shortcode\">\r\n\t\t<div class=\"pgafu-filter-wrp \">\r\n\t\t\t<ul class=\"pgafu-filter\" id=\"pgafu-filtr-1\">\r\n\t\t\t\t<li class=\"pgafu-filtr-cat pgafu-active-filtr\" data-filter=\"*\"><a href=\"javascript:void(0);\">All<\/a><\/li>\r\n\t\t\t\t\t\t\t\t\t<li class=\"pgafu-filtr-cat\" data-filter=\".pgafu-19\"><a href=\"javascript:void(0);\">Guin\u00e9e<\/a><\/li>\r\n\t\t\t\t\t\t\t\t\t<li class=\"pgafu-filtr-cat\" data-filter=\".pgafu-22\"><a href=\"javascript:void(0);\">Niger<\/a><\/li>\r\n\t\t\t\t\t\t\t\t\t<li class=\"pgafu-filtr-cat\" data-filter=\".pgafu-18\"><a href=\"javascript:void(0);\">S\u00e9n\u00e9gal<\/a><\/li>\r\n\t\t\t\t\t\t\t<\/ul>\r\n\r\n\t\t\t<div class=\"pgafu-filtr-container\" id=\"pgafu-post-filtr-1\">\r\n\t\t\t\t<div class=\"pgafu-post-grid-main pgafu-post-filter pgafu-design-1 pgafu-image-fit has-no-animation pgafu-clearfix\">\r\n\r\n\t\t\t\t\r\n\t\t\t\t\t<div class=\"pgafu-medium-4 pgafu-columns filtr-item pgafu-post-cnt pgafu-18\">\r\n\t\t\t\t\t\r\n<div class=\"pgafu-post-grid\">\r\n\t<div class=\"pgafu-post-grid-content \">\r\n\t\t\t\t\t<div class=\"pgafu-post-image-bg\" style=\"\">\r\n\t\t\t\t<a href=\"https:\/\/rrvcp.wordpress.manobi.com\/?p=1897\">\r\n\t\t\t\t\t<img decoding=\"async\" src=\"https:\/\/rrvcp.wordpress.manobi.com\/wp-content\/uploads\/sites\/19\/2021\/07\/ea3cf9b9-6001-4910-a3ee-fcfc3fb97def.jpg\" alt=\"Riz du S\u00e9n\u00e9gal\" \/>\r\n\t\t\t\t<\/a>\r\n\t\t\t<\/div>\r\n\t\t\t\t<h2 class=\"pgafu-post-title\">\r\n\t\t\t<a href=\"https:\/\/rrvcp.wordpress.manobi.com\/?p=1897\">Riz du S\u00e9n\u00e9gal<\/a>\r\n\t\t<\/h2>\r\n\r\n\t\t\t\t<div class=\"pgafu-post-categories\"><a href=\"https:\/\/rrvcp.wordpress.manobi.com\/?cat=18\">S\u00e9n\u00e9gal<\/a><\/div>\r\n\t\t\t\t\t<div class=\"pgafu-post-date\">\r\n\t\t\t\t\t\t\t\t\t<span class=\"pgafu-user-img\"><img decoding=\"async\" src=\"https:\/\/rrvcp.wordpress.manobi.com\/wp-content\/plugins\/post-grid-and-filter-ultimate\/assets\/images\/user.svg\" alt=\"\"> boubacarsambou<\/span>\r\n\t\t\t\t&nbsp;\t\t\t\t\t<span class=\"pgafu-time\"> <img decoding=\"async\" src=\"https:\/\/rrvcp.wordpress.manobi.com\/wp-content\/plugins\/post-grid-and-filter-ultimate\/assets\/images\/calendar.svg\" alt=\"\"> 14 juillet 2021 <\/span>\r\n\t\t\t\t&nbsp;\t\t\t<\/div>\r\n\t\t\t\t\t<div class=\"pgafu-post-content\">\r\n\t\t\t\t<div class=\"pgafu-post-short-content\">Bienvenue sur Les sites de Manobi. Vous lisez votre premier article. Modifiez-le ou supprimez-le, puis commencez \u00e0 publier&nbsp;!<\/div>\r\n\t\t\t\t\t\t\t\t\t<a href=\"https:\/\/rrvcp.wordpress.manobi.com\/?p=1897\" class=\"readmorebtn\">Read More<\/a>\r\n\t\t\t\t\t\t\t<\/div>\r\n\t\t\t<\/div>\r\n<\/div>\t\t\t\t\t<\/div>\r\n\r\n\t\t\t\t\t\r\n\t\t\t\t\t<div class=\"pgafu-medium-4 pgafu-columns filtr-item pgafu-post-cnt pgafu-18\">\r\n\t\t\t\t\t\r\n<div class=\"pgafu-post-grid\">\r\n\t<div class=\"pgafu-post-grid-content \">\r\n\t\t\t\t\t<div class=\"pgafu-post-image-bg\" style=\"\">\r\n\t\t\t\t<a href=\"https:\/\/rrvcp.wordpress.manobi.com\/?p=1675\">\r\n\t\t\t\t\t<img decoding=\"async\" src=\"https:\/\/rrvcp.wordpress.manobi.com\/wp-content\/uploads\/sites\/19\/2021\/07\/P1010184-1024x578.jpg\" alt=\"RRVCP S\u00e9n\u00e9gal\" \/>\r\n\t\t\t\t<\/a>\r\n\t\t\t<\/div>\r\n\t\t\t\t<h2 class=\"pgafu-post-title\">\r\n\t\t\t<a href=\"https:\/\/rrvcp.wordpress.manobi.com\/?p=1675\">RRVCP S\u00e9n\u00e9gal<\/a>\r\n\t\t<\/h2>\r\n\r\n\t\t\t\t<div class=\"pgafu-post-categories\"><a href=\"https:\/\/rrvcp.wordpress.manobi.com\/?cat=18\">S\u00e9n\u00e9gal<\/a><\/div>\r\n\t\t\t\t\t<div class=\"pgafu-post-date\">\r\n\t\t\t\t\t\t\t\t\t<span class=\"pgafu-user-img\"><img decoding=\"async\" src=\"https:\/\/rrvcp.wordpress.manobi.com\/wp-content\/plugins\/post-grid-and-filter-ultimate\/assets\/images\/user.svg\" alt=\"\"> boubacarsambou<\/span>\r\n\t\t\t\t&nbsp;\t\t\t\t\t<span class=\"pgafu-time\"> <img decoding=\"async\" src=\"https:\/\/rrvcp.wordpress.manobi.com\/wp-content\/plugins\/post-grid-and-filter-ultimate\/assets\/images\/calendar.svg\" alt=\"\"> 13 juillet 2021 <\/span>\r\n\t\t\t\t&nbsp;\t\t\t<\/div>\r\n\t\t\t\t\t<div class=\"pgafu-post-content\">\r\n\t\t\t\t<div class=\"pgafu-post-short-content\">Bienvenue sur Les sites de Manobi. Vous lisez votre premier article. Modifiez-le ou supprimez-le, puis commencez \u00e0 publier&nbsp;!<\/div>\r\n\t\t\t\t\t\t\t\t\t<a href=\"https:\/\/rrvcp.wordpress.manobi.com\/?p=1675\" class=\"readmorebtn\">Read More<\/a>\r\n\t\t\t\t\t\t\t<\/div>\r\n\t\t\t<\/div>\r\n<\/div>\t\t\t\t\t<\/div>\r\n\r\n\t\t\t\t\t\r\n\t\t\t\t\t<div class=\"pgafu-medium-4 pgafu-columns filtr-item pgafu-post-cnt pgafu-22\">\r\n\t\t\t\t\t\r\n<div class=\"pgafu-post-grid\">\r\n\t<div class=\"pgafu-post-grid-content \">\r\n\t\t\t\t\t<div class=\"pgafu-post-image-bg\" style=\"\">\r\n\t\t\t\t<a href=\"https:\/\/rrvcp.wordpress.manobi.com\/?p=1673\">\r\n\t\t\t\t\t<img decoding=\"async\" src=\"https:\/\/rrvcp.wordpress.manobi.com\/wp-content\/uploads\/sites\/19\/2021\/07\/P1000811-1-1024x769.jpg\" alt=\"RRVCP Niger\" \/>\r\n\t\t\t\t<\/a>\r\n\t\t\t<\/div>\r\n\t\t\t\t<h2 class=\"pgafu-post-title\">\r\n\t\t\t<a href=\"https:\/\/rrvcp.wordpress.manobi.com\/?p=1673\">RRVCP Niger<\/a>\r\n\t\t<\/h2>\r\n\r\n\t\t\t\t<div class=\"pgafu-post-categories\"><a href=\"https:\/\/rrvcp.wordpress.manobi.com\/?cat=22\">Niger<\/a><\/div>\r\n\t\t\t\t\t<div class=\"pgafu-post-date\">\r\n\t\t\t\t\t\t\t\t\t<span class=\"pgafu-user-img\"><img decoding=\"async\" src=\"https:\/\/rrvcp.wordpress.manobi.com\/wp-content\/plugins\/post-grid-and-filter-ultimate\/assets\/images\/user.svg\" alt=\"\"> boubacarsambou<\/span>\r\n\t\t\t\t&nbsp;\t\t\t\t\t<span class=\"pgafu-time\"> <img decoding=\"async\" src=\"https:\/\/rrvcp.wordpress.manobi.com\/wp-content\/plugins\/post-grid-and-filter-ultimate\/assets\/images\/calendar.svg\" alt=\"\"> 13 juillet 2021 <\/span>\r\n\t\t\t\t&nbsp;\t\t\t<\/div>\r\n\t\t\t\t\t<div class=\"pgafu-post-content\">\r\n\t\t\t\t<div class=\"pgafu-post-short-content\">Bienvenue sur Les sites de Manobi. Vous lisez votre premier article. Modifiez-le ou supprimez-le, puis commencez \u00e0 publier&nbsp;!<\/div>\r\n\t\t\t\t\t\t\t\t\t<a href=\"https:\/\/rrvcp.wordpress.manobi.com\/?p=1673\" class=\"readmorebtn\">Read More<\/a>\r\n\t\t\t\t\t\t\t<\/div>\r\n\t\t\t<\/div>\r\n<\/div>\t\t\t\t\t<\/div>\r\n\r\n\t\t\t\t\t\r\n\t\t\t\t\t<div class=\"pgafu-medium-4 pgafu-columns filtr-item pgafu-post-cnt pgafu-19\">\r\n\t\t\t\t\t\r\n<div class=\"pgafu-post-grid\">\r\n\t<div class=\"pgafu-post-grid-content \">\r\n\t\t\t\t\t<div class=\"pgafu-post-image-bg\" style=\"\">\r\n\t\t\t\t<a href=\"https:\/\/rrvcp.wordpress.manobi.com\/?p=1669\">\r\n\t\t\t\t\t<img decoding=\"async\" src=\"https:\/\/rrvcp.wordpress.manobi.com\/wp-content\/uploads\/sites\/19\/2021\/07\/RIZ-SENEGAL-.jpg\" alt=\"RRVCP Guin\u00e9e\" \/>\r\n\t\t\t\t<\/a>\r\n\t\t\t<\/div>\r\n\t\t\t\t<h2 class=\"pgafu-post-title\">\r\n\t\t\t<a href=\"https:\/\/rrvcp.wordpress.manobi.com\/?p=1669\">RRVCP Guin\u00e9e<\/a>\r\n\t\t<\/h2>\r\n\r\n\t\t\t\t<div class=\"pgafu-post-categories\"><a href=\"https:\/\/rrvcp.wordpress.manobi.com\/?cat=19\">Guin\u00e9e<\/a><\/div>\r\n\t\t\t\t\t<div class=\"pgafu-post-date\">\r\n\t\t\t\t\t\t\t\t\t<span class=\"pgafu-user-img\"><img decoding=\"async\" src=\"https:\/\/rrvcp.wordpress.manobi.com\/wp-content\/plugins\/post-grid-and-filter-ultimate\/assets\/images\/user.svg\" alt=\"\"> boubacarsambou<\/span>\r\n\t\t\t\t&nbsp;\t\t\t\t\t<span class=\"pgafu-time\"> <img decoding=\"async\" src=\"https:\/\/rrvcp.wordpress.manobi.com\/wp-content\/plugins\/post-grid-and-filter-ultimate\/assets\/images\/calendar.svg\" alt=\"\"> 13 juillet 2021 <\/span>\r\n\t\t\t\t&nbsp;\t\t\t<\/div>\r\n\t\t\t\t\t<div class=\"pgafu-post-content\">\r\n\t\t\t\t<div class=\"pgafu-post-short-content\">Guin\u00e9e Le projet va couvrir quatre (4) pr\u00e9fectures en Basse Guin\u00e9e \u00e0 savoir Coyah\/Wonkifong, Dubreka, Boffa, Bok\u00e9 et trois (3)...<\/div>\r\n\t\t\t\t\t\t\t\t\t<a href=\"https:\/\/rrvcp.wordpress.manobi.com\/?p=1669\" class=\"readmorebtn\">Read More<\/a>\r\n\t\t\t\t\t\t\t<\/div>\r\n\t\t\t<\/div>\r\n<\/div>\t\t\t\t\t<\/div>\r\n\r\n\t\t\t\t\t\r\n\t\t\t\t<\/div>\r\n\t\t\t<\/div>\r\n\t\t<\/div>\r\n\r\n\t\t<\/div>\n\t\t\t\t<\/div>\n\t\t\t\t<\/div>\n\t\t\t\t\t<\/div>\n\t\t<\/div>\n\t\t\t\t\t<\/div>\n\t\t<\/section>\n\t\t\t\t<\/div>\n\t\t","protected":false},"excerpt":{"rendered":"<p>News<\/p>\n","protected":false},"author":9,"featured_media":0,"parent":0,"menu_order":0,"comment_status":"closed","ping_status":"closed","template":"elementor_header_footer","meta":{"footnotes":"","_links_to":"","_links_to_target":""},"yoast_head":"<!-- This site is optimized with the Yoast SEO plugin v22.1 - https:\/\/yoast.com\/wordpress\/plugins\/seo\/ -->\n<title>News -<\/title>\n<meta name=\"robots\" content=\"index, follow, max-snippet:-1, max-image-preview:large, max-video-preview:-1\" \/>\n<link rel=\"canonical\" href=\"https:\/\/rrvcp.wordpress.manobi.com\/?page_id=1414\" \/>\n<meta property=\"og:locale\" content=\"fr_FR\" \/>\n<meta property=\"og:type\" content=\"article\" \/>\n<meta property=\"og:title\" content=\"News -\" \/>\n<meta property=\"og:description\" content=\"News\" \/>\n<meta property=\"og:url\" content=\"https:\/\/rrvcp.wordpress.manobi.com\/?page_id=1414\" \/>\n<meta property=\"article:modified_time\" content=\"2021-07-15T09:17:01+00:00\" \/>\n<meta name=\"twitter:card\" content=\"summary_large_image\" \/>\n<script type=\"application\/ld+json\" class=\"yoast-schema-graph\">{\"@context\":\"https:\/\/schema.org\",\"@graph\":[{\"@type\":\"WebPage\",\"@id\":\"https:\/\/rrvcp.wordpress.manobi.com\/?page_id=1414\",\"url\":\"https:\/\/rrvcp.wordpress.manobi.com\/?page_id=1414\",\"name\":\"News -\",\"isPartOf\":{\"@id\":\"https:\/\/rrvcp.wordpress.manobi.com\/#website\"},\"datePublished\":\"2021-07-12T15:25:25+00:00\",\"dateModified\":\"2021-07-15T09:17:01+00:00\",\"breadcrumb\":{\"@id\":\"https:\/\/rrvcp.wordpress.manobi.com\/?page_id=1414#breadcrumb\"},\"inLanguage\":\"fr-FR\",\"potentialAction\":[{\"@type\":\"ReadAction\",\"target\":[\"https:\/\/rrvcp.wordpress.manobi.com\/?page_id=1414\"]}]},{\"@type\":\"BreadcrumbList\",\"@id\":\"https:\/\/rrvcp.wordpress.manobi.com\/?page_id=1414#breadcrumb\",\"itemListElement\":[{\"@type\":\"ListItem\",\"position\":1,\"name\":\"Accueil\",\"item\":\"https:\/\/rrvcp.wordpress.manobi.com\/\"},{\"@type\":\"ListItem\",\"position\":2,\"name\":\"News\"}]},{\"@type\":\"WebSite\",\"@id\":\"https:\/\/rrvcp.wordpress.manobi.com\/#website\",\"url\":\"https:\/\/rrvcp.wordpress.manobi.com\/\",\"name\":\"\",\"description\":\"\",\"potentialAction\":[{\"@type\":\"SearchAction\",\"target\":{\"@type\":\"EntryPoint\",\"urlTemplate\":\"https:\/\/rrvcp.wordpress.manobi.com\/?s={search_term_string}\"},\"query-input\":\"required name=search_term_string\"}],\"inLanguage\":\"fr-FR\"}]}<\/script>\n<!-- \/ Yoast SEO plugin. -->","yoast_head_json":{"title":"News -","robots":{"index":"index","follow":"follow","max-snippet":"max-snippet:-1","max-image-preview":"max-image-preview:large","max-video-preview":"max-video-preview:-1"},"canonical":"https:\/\/rrvcp.wordpress.manobi.com\/?page_id=1414","og_locale":"fr_FR","og_type":"article","og_title":"News -","og_description":"News","og_url":"https:\/\/rrvcp.wordpress.manobi.com\/?page_id=1414","article_modified_time":"2021-07-15T09:17:01+00:00","twitter_card":"summary_large_image","schema":{"@context":"https:\/\/schema.org","@graph":[{"@type":"WebPage","@id":"https:\/\/rrvcp.wordpress.manobi.com\/?page_id=1414","url":"https:\/\/rrvcp.wordpress.manobi.com\/?page_id=1414","name":"News -","isPartOf":{"@id":"https:\/\/rrvcp.wordpress.manobi.com\/#website"},"datePublished":"2021-07-12T15:25:25+00:00","dateModified":"2021-07-15T09:17:01+00:00","breadcrumb":{"@id":"https:\/\/rrvcp.wordpress.manobi.com\/?page_id=1414#breadcrumb"},"inLanguage":"fr-FR","potentialAction":[{"@type":"ReadAction","target":["https:\/\/rrvcp.wordpress.manobi.com\/?page_id=1414"]}]},{"@type":"BreadcrumbList","@id":"https:\/\/rrvcp.wordpress.manobi.com\/?page_id=1414#breadcrumb","itemListElement":[{"@type":"ListItem","position":1,"name":"Accueil","item":"https:\/\/rrvcp.wordpress.manobi.com\/"},{"@type":"ListItem","position":2,"name":"News"}]},{"@type":"WebSite","@id":"https:\/\/rrvcp.wordpress.manobi.com\/#website","url":"https:\/\/rrvcp.wordpress.manobi.com\/","name":"","description":"","potentialAction":[{"@type":"SearchAction","target":{"@type":"EntryPoint","urlTemplate":"https:\/\/rrvcp.wordpress.manobi.com\/?s={search_term_string}"},"query-input":"required name=search_term_string"}],"inLanguage":"fr-FR"}]}},"_links":{"self":[{"href":"https:\/\/rrvcp.wordpress.manobi.com\/index.php?rest_route=\/wp\/v2\/pages\/1414"}],"collection":[{"href":"https:\/\/rrvcp.wordpress.manobi.com\/index.php?rest_route=\/wp\/v2\/pages"}],"about":[{"href":"https:\/\/rrvcp.wordpress.manobi.com\/index.php?rest_route=\/wp\/v2\/types\/page"}],"author":[{"embeddable":true,"href":"https:\/\/rrvcp.wordpress.manobi.com\/index.php?rest_route=\/wp\/v2\/users\/9"}],"replies":[{"embeddable":true,"href":"https:\/\/rrvcp.wordpress.manobi.com\/index.php?rest_route=%2Fwp%2Fv2%2Fcomments&post=1414"}],"version-history":[{"count":58,"href":"https:\/\/rrvcp.wordpress.manobi.com\/index.php?rest_route=\/wp\/v2\/pages\/1414\/revisions"}],"predecessor-version":[{"id":2011,"href":"https:\/\/rrvcp.wordpress.manobi.com\/index.php?rest_route=\/wp\/v2\/pages\/1414\/revisions\/2011"}],"wp:attachment":[{"href":"https:\/\/rrvcp.wordpress.manobi.com\/index.php?rest_route=%2Fwp%2Fv2%2Fmedia&parent=1414"}],"curies":[{"name":"wp","href":"https:\/\/api.w.org\/{rel}","templated":true}]}}