{"id":1405,"date":"2021-07-12T17:21:30","date_gmt":"2021-07-12T15:21:30","guid":{"rendered":"https:\/\/rrvcp.wordpress.manobi.com\/?page_id=1405"},"modified":"2021-07-19T00:34:12","modified_gmt":"2021-07-18T22:34:12","slug":"objectifs","status":"publish","type":"page","link":"https:\/\/rrvcp.wordpress.manobi.com\/?page_id=1405","title":{"rendered":"Objectifs"},"content":{"rendered":"\t\t<div data-elementor-type=\"wp-page\" data-elementor-id=\"1405\" class=\"elementor elementor-1405\" data-elementor-post-type=\"page\">\n\t\t\t\t\t\t<section class=\"elementor-section elementor-top-section elementor-element elementor-element-47c3b0a1 elementor-section-height-min-height elementor-section-stretched elementor-section-boxed elementor-section-height-default elementor-section-items-middle\" data-id=\"47c3b0a1\" data-element_type=\"section\" id=\"backhead\" data-settings=\"{&quot;background_background&quot;:&quot;classic&quot;,&quot;stretch_section&quot;:&quot;section-stretched&quot;}\">\n\t\t\t\t\t\t\t<div class=\"elementor-background-overlay\"><\/div>\n\t\t\t\t\t\t\t<div class=\"elementor-container elementor-column-gap-no\">\n\t\t\t\t\t<div class=\"elementor-column elementor-col-50 elementor-top-column elementor-element elementor-element-511118f6\" data-id=\"511118f6\" data-element_type=\"column\">\n\t\t\t<div class=\"elementor-widget-wrap elementor-element-populated\">\n\t\t\t\t\t\t<div class=\"elementor-element elementor-element-dfe9373 elementor-widget elementor-widget-heading\" data-id=\"dfe9373\" data-element_type=\"widget\" data-widget_type=\"heading.default\">\n\t\t\t\t<div class=\"elementor-widget-container\">\n\t\t\t<h2 class=\"elementor-heading-title elementor-size-default\">Objectifs<\/h2>\t\t<\/div>\n\t\t\t\t<\/div>\n\t\t\t\t\t<\/div>\n\t\t<\/div>\n\t\t\t\t<div class=\"elementor-column elementor-col-50 elementor-top-column elementor-element elementor-element-166b6e4f\" data-id=\"166b6e4f\" data-element_type=\"column\">\n\t\t\t<div class=\"elementor-widget-wrap\">\n\t\t\t\t\t\t\t<\/div>\n\t\t<\/div>\n\t\t\t\t\t<\/div>\n\t\t<\/section>\n\t\t\t\t<section class=\"elementor-section elementor-top-section elementor-element elementor-element-bfadef1 elementor-section-boxed elementor-section-height-default elementor-section-height-default\" data-id=\"bfadef1\" data-element_type=\"section\" data-settings=\"{&quot;background_background&quot;:&quot;classic&quot;}\">\n\t\t\t\t\t\t<div class=\"elementor-container elementor-column-gap-default\">\n\t\t\t\t\t<div class=\"elementor-column elementor-col-33 elementor-top-column elementor-element elementor-element-2c5abef\" data-id=\"2c5abef\" data-element_type=\"column\">\n\t\t\t<div class=\"elementor-widget-wrap\">\n\t\t\t\t\t\t\t<\/div>\n\t\t<\/div>\n\t\t\t\t<div class=\"elementor-column elementor-col-33 elementor-top-column elementor-element elementor-element-34ca054\" data-id=\"34ca054\" data-element_type=\"column\">\n\t\t\t<div class=\"elementor-widget-wrap elementor-element-populated\">\n\t\t\t\t\t\t<div class=\"elementor-element elementor-element-a70c477 elementor-widget elementor-widget-image\" data-id=\"a70c477\" data-element_type=\"widget\" data-widget_type=\"image.default\">\n\t\t\t\t<div class=\"elementor-widget-container\">\n\t\t\t\t\t\t\t\t\t\t\t\t\t<img decoding=\"async\" width=\"64\" height=\"64\" src=\"https:\/\/rrvcp.wordpress.manobi.com\/wp-content\/uploads\/sites\/19\/2021\/07\/goal.png\" class=\"attachment-full size-full wp-image-1136\" alt=\"\" \/>\t\t\t\t\t\t\t\t\t\t\t\t\t<\/div>\n\t\t\t\t<\/div>\n\t\t\t\t\t<\/div>\n\t\t<\/div>\n\t\t\t\t<div class=\"elementor-column elementor-col-33 elementor-top-column elementor-element elementor-element-82c1d02\" data-id=\"82c1d02\" data-element_type=\"column\">\n\t\t\t<div class=\"elementor-widget-wrap\">\n\t\t\t\t\t\t\t<\/div>\n\t\t<\/div>\n\t\t\t\t\t<\/div>\n\t\t<\/section>\n\t\t\t\t<section class=\"elementor-section elementor-top-section elementor-element elementor-element-cd43411 elementor-section-boxed elementor-section-height-default elementor-section-height-default\" data-id=\"cd43411\" data-element_type=\"section\" data-settings=\"{&quot;background_background&quot;:&quot;classic&quot;}\">\n\t\t\t\t\t\t<div class=\"elementor-container elementor-column-gap-default\">\n\t\t\t\t\t<div class=\"elementor-column elementor-col-33 elementor-top-column elementor-element elementor-element-79d3712\" data-id=\"79d3712\" data-element_type=\"column\">\n\t\t\t<div class=\"elementor-widget-wrap\">\n\t\t\t\t\t\t\t<\/div>\n\t\t<\/div>\n\t\t\t\t<div class=\"elementor-column elementor-col-33 elementor-top-column elementor-element elementor-element-27d8c52\" data-id=\"27d8c52\" data-element_type=\"column\">\n\t\t\t<div class=\"elementor-widget-wrap elementor-element-populated\">\n\t\t\t\t\t\t<div class=\"elementor-element elementor-element-d743571 elementor-widget elementor-widget-text-editor\" data-id=\"d743571\" data-element_type=\"widget\" data-widget_type=\"text-editor.default\">\n\t\t\t\t<div class=\"elementor-widget-container\">\n\t\t\t\t\t\t\tL&#8217;objectif du programme est d&#8217;investir sur la production de riz en am\u00e9nageant des terres fertiles, d&#8217;am\u00e9liorer la technologie des semences, d&#8217;am\u00e9liorer l&#8217;irrigation, d&#8217;am\u00e9lioration la gestion de l&#8217;eau, de mettre en place un environnement politique et institutionnel favorable, d&#8217;assurer la gestion et la coordination continue du projet, d&#8217;aider les petits agriculteurs \u00e0 \u00e9couler leur produit sur le march\u00e9.\nAvec ces interventions, les importations co\u00fbteuse de riz diminueront de 10 \u00e0 20 % et va am\u00e9liorer le quotidien des m\u00e9nages.\t\t\t\t\t\t<\/div>\n\t\t\t\t<\/div>\n\t\t\t\t\t<\/div>\n\t\t<\/div>\n\t\t\t\t<div class=\"elementor-column elementor-col-33 elementor-top-column elementor-element elementor-element-883970f\" data-id=\"883970f\" data-element_type=\"column\">\n\t\t\t<div class=\"elementor-widget-wrap\">\n\t\t\t\t\t\t\t<\/div>\n\t\t<\/div>\n\t\t\t\t\t<\/div>\n\t\t<\/section>\n\t\t\t\t<section class=\"elementor-section elementor-top-section elementor-element elementor-element-1006310 elementor-section-boxed elementor-section-height-default elementor-section-height-default\" data-id=\"1006310\" data-element_type=\"section\">\n\t\t\t\t\t\t<div class=\"elementor-container elementor-column-gap-default\">\n\t\t\t\t\t<div class=\"elementor-column elementor-col-33 elementor-top-column elementor-element elementor-element-802a00f\" data-id=\"802a00f\" data-element_type=\"column\">\n\t\t\t<div class=\"elementor-widget-wrap\">\n\t\t\t\t\t\t\t<\/div>\n\t\t<\/div>\n\t\t\t\t<div class=\"elementor-column elementor-col-33 elementor-top-column elementor-element elementor-element-4101e6c\" data-id=\"4101e6c\" data-element_type=\"column\">\n\t\t\t<div class=\"elementor-widget-wrap elementor-element-populated\">\n\t\t\t\t\t\t<div class=\"elementor-element elementor-element-c58ee20 elementor--h-position-center elementor--v-position-middle elementor-arrows-position-inside elementor-pagination-position-inside elementor-widget elementor-widget-slides\" data-id=\"c58ee20\" data-element_type=\"widget\" data-settings=\"{&quot;navigation&quot;:&quot;both&quot;,&quot;autoplay&quot;:&quot;yes&quot;,&quot;pause_on_hover&quot;:&quot;yes&quot;,&quot;pause_on_interaction&quot;:&quot;yes&quot;,&quot;autoplay_speed&quot;:5000,&quot;infinite&quot;:&quot;yes&quot;,&quot;transition&quot;:&quot;slide&quot;,&quot;transition_speed&quot;:500}\" data-widget_type=\"slides.default\">\n\t\t\t\t<div class=\"elementor-widget-container\">\n\t\t\t\t\t<div class=\"elementor-swiper\">\n\t\t\t<div class=\"elementor-slides-wrapper elementor-main-swiper swiper-container\" dir=\"ltr\" data-animation=\"fadeInUp\">\n\t\t\t\t<div class=\"swiper-wrapper elementor-slides\">\n\t\t\t\t\t\t\t\t\t\t<div class=\"elementor-repeater-item-e3f6916 swiper-slide\"><div class=\"swiper-slide-bg elementor-ken-burns elementor-ken-burns--out\" role=\"img\"><\/div><div class=\"swiper-slide-inner\" ><div class=\"swiper-slide-contents\"><\/div><\/div><\/div>\t\t\t\t<\/div>\n\t\t\t\t\t\t\t<\/div>\n\t\t<\/div>\n\t\t\t\t<\/div>\n\t\t\t\t<\/div>\n\t\t\t\t\t<\/div>\n\t\t<\/div>\n\t\t\t\t<div class=\"elementor-column elementor-col-33 elementor-top-column elementor-element elementor-element-5cfccd1\" data-id=\"5cfccd1\" data-element_type=\"column\">\n\t\t\t<div class=\"elementor-widget-wrap\">\n\t\t\t\t\t\t\t<\/div>\n\t\t<\/div>\n\t\t\t\t\t<\/div>\n\t\t<\/section>\n\t\t\t\t<section class=\"elementor-section elementor-top-section elementor-element elementor-element-840a4b5 elementor-section-full_width elementor-section-stretched elementor-section-height-default elementor-section-height-default\" data-id=\"840a4b5\" data-element_type=\"section\" data-settings=\"{&quot;stretch_section&quot;:&quot;section-stretched&quot;}\">\n\t\t\t\t\t\t<div class=\"elementor-container elementor-column-gap-no\">\n\t\t\t\t\t\t<\/div>\n\t\t<\/section>\n\t\t\t\t<\/div>\n\t\t","protected":false},"excerpt":{"rendered":"<p>Objectifs L&#8217;objectif du programme est d&#8217;investir sur la production de riz en am\u00e9nageant des terres fertiles, d&#8217;am\u00e9liorer la technologie des semences, d&#8217;am\u00e9liorer l&#8217;irrigation, d&#8217;am\u00e9lioration la gestion de l&#8217;eau, de mettre en place un environnement politique et institutionnel favorable, d&#8217;assurer la gestion et la coordination continue du projet, d&#8217;aider les petits agriculteurs \u00e0 \u00e9couler leur produit [&hellip;]<\/p>\n","protected":false},"author":9,"featured_media":0,"parent":0,"menu_order":0,"comment_status":"closed","ping_status":"closed","template":"elementor_header_footer","meta":{"footnotes":"","_links_to":"","_links_to_target":""},"yoast_head":"<!-- This site is optimized with the Yoast SEO plugin v22.1 - https:\/\/yoast.com\/wordpress\/plugins\/seo\/ -->\n<title>Objectifs -<\/title>\n<meta name=\"robots\" content=\"index, follow, max-snippet:-1, max-image-preview:large, max-video-preview:-1\" \/>\n<link rel=\"canonical\" href=\"https:\/\/rrvcp.wordpress.manobi.com\/?page_id=1405\" \/>\n<meta property=\"og:locale\" content=\"fr_FR\" \/>\n<meta property=\"og:type\" content=\"article\" \/>\n<meta property=\"og:title\" content=\"Objectifs -\" \/>\n<meta property=\"og:description\" content=\"Objectifs L&#8217;objectif du programme est d&#8217;investir sur la production de riz en am\u00e9nageant des terres fertiles, d&#8217;am\u00e9liorer la technologie des semences, d&#8217;am\u00e9liorer l&#8217;irrigation, d&#8217;am\u00e9lioration la gestion de l&#8217;eau, de mettre en place un environnement politique et institutionnel favorable, d&#8217;assurer la gestion et la coordination continue du projet, d&#8217;aider les petits agriculteurs \u00e0 \u00e9couler leur produit [&hellip;]\" \/>\n<meta property=\"og:url\" content=\"https:\/\/rrvcp.wordpress.manobi.com\/?page_id=1405\" \/>\n<meta property=\"article:modified_time\" content=\"2021-07-18T22:34:12+00:00\" \/>\n<meta property=\"og:image\" content=\"https:\/\/rrvcp.wordpress.manobi.com\/wp-content\/uploads\/sites\/19\/2021\/07\/goal.png\" \/>\n<meta name=\"twitter:card\" content=\"summary_large_image\" \/>\n<script type=\"application\/ld+json\" class=\"yoast-schema-graph\">{\"@context\":\"https:\/\/schema.org\",\"@graph\":[{\"@type\":\"WebPage\",\"@id\":\"https:\/\/rrvcp.wordpress.manobi.com\/?page_id=1405\",\"url\":\"https:\/\/rrvcp.wordpress.manobi.com\/?page_id=1405\",\"name\":\"Objectifs -\",\"isPartOf\":{\"@id\":\"https:\/\/rrvcp.wordpress.manobi.com\/#website\"},\"datePublished\":\"2021-07-12T15:21:30+00:00\",\"dateModified\":\"2021-07-18T22:34:12+00:00\",\"breadcrumb\":{\"@id\":\"https:\/\/rrvcp.wordpress.manobi.com\/?page_id=1405#breadcrumb\"},\"inLanguage\":\"fr-FR\",\"potentialAction\":[{\"@type\":\"ReadAction\",\"target\":[\"https:\/\/rrvcp.wordpress.manobi.com\/?page_id=1405\"]}]},{\"@type\":\"BreadcrumbList\",\"@id\":\"https:\/\/rrvcp.wordpress.manobi.com\/?page_id=1405#breadcrumb\",\"itemListElement\":[{\"@type\":\"ListItem\",\"position\":1,\"name\":\"Accueil\",\"item\":\"https:\/\/rrvcp.wordpress.manobi.com\/\"},{\"@type\":\"ListItem\",\"position\":2,\"name\":\"Objectifs\"}]},{\"@type\":\"WebSite\",\"@id\":\"https:\/\/rrvcp.wordpress.manobi.com\/#website\",\"url\":\"https:\/\/rrvcp.wordpress.manobi.com\/\",\"name\":\"\",\"description\":\"\",\"potentialAction\":[{\"@type\":\"SearchAction\",\"target\":{\"@type\":\"EntryPoint\",\"urlTemplate\":\"https:\/\/rrvcp.wordpress.manobi.com\/?s={search_term_string}\"},\"query-input\":\"required name=search_term_string\"}],\"inLanguage\":\"fr-FR\"}]}<\/script>\n<!-- \/ Yoast SEO plugin. -->","yoast_head_json":{"title":"Objectifs -","robots":{"index":"index","follow":"follow","max-snippet":"max-snippet:-1","max-image-preview":"max-image-preview:large","max-video-preview":"max-video-preview:-1"},"canonical":"https:\/\/rrvcp.wordpress.manobi.com\/?page_id=1405","og_locale":"fr_FR","og_type":"article","og_title":"Objectifs -","og_description":"Objectifs L&#8217;objectif du programme est d&#8217;investir sur la production de riz en am\u00e9nageant des terres fertiles, d&#8217;am\u00e9liorer la technologie des semences, d&#8217;am\u00e9liorer l&#8217;irrigation, d&#8217;am\u00e9lioration la gestion de l&#8217;eau, de mettre en place un environnement politique et institutionnel favorable, d&#8217;assurer la gestion et la coordination continue du projet, d&#8217;aider les petits agriculteurs \u00e0 \u00e9couler leur produit [&hellip;]","og_url":"https:\/\/rrvcp.wordpress.manobi.com\/?page_id=1405","article_modified_time":"2021-07-18T22:34:12+00:00","og_image":[{"url":"https:\/\/rrvcp.wordpress.manobi.com\/wp-content\/uploads\/sites\/19\/2021\/07\/goal.png"}],"twitter_card":"summary_large_image","schema":{"@context":"https:\/\/schema.org","@graph":[{"@type":"WebPage","@id":"https:\/\/rrvcp.wordpress.manobi.com\/?page_id=1405","url":"https:\/\/rrvcp.wordpress.manobi.com\/?page_id=1405","name":"Objectifs -","isPartOf":{"@id":"https:\/\/rrvcp.wordpress.manobi.com\/#website"},"datePublished":"2021-07-12T15:21:30+00:00","dateModified":"2021-07-18T22:34:12+00:00","breadcrumb":{"@id":"https:\/\/rrvcp.wordpress.manobi.com\/?page_id=1405#breadcrumb"},"inLanguage":"fr-FR","potentialAction":[{"@type":"ReadAction","target":["https:\/\/rrvcp.wordpress.manobi.com\/?page_id=1405"]}]},{"@type":"BreadcrumbList","@id":"https:\/\/rrvcp.wordpress.manobi.com\/?page_id=1405#breadcrumb","itemListElement":[{"@type":"ListItem","position":1,"name":"Accueil","item":"https:\/\/rrvcp.wordpress.manobi.com\/"},{"@type":"ListItem","position":2,"name":"Objectifs"}]},{"@type":"WebSite","@id":"https:\/\/rrvcp.wordpress.manobi.com\/#website","url":"https:\/\/rrvcp.wordpress.manobi.com\/","name":"","description":"","potentialAction":[{"@type":"SearchAction","target":{"@type":"EntryPoint","urlTemplate":"https:\/\/rrvcp.wordpress.manobi.com\/?s={search_term_string}"},"query-input":"required name=search_term_string"}],"inLanguage":"fr-FR"}]}},"_links":{"self":[{"href":"https:\/\/rrvcp.wordpress.manobi.com\/index.php?rest_route=\/wp\/v2\/pages\/1405"}],"collection":[{"href":"https:\/\/rrvcp.wordpress.manobi.com\/index.php?rest_route=\/wp\/v2\/pages"}],"about":[{"href":"https:\/\/rrvcp.wordpress.manobi.com\/index.php?rest_route=\/wp\/v2\/types\/page"}],"author":[{"embeddable":true,"href":"https:\/\/rrvcp.wordpress.manobi.com\/index.php?rest_route=\/wp\/v2\/users\/9"}],"replies":[{"embeddable":true,"href":"https:\/\/rrvcp.wordpress.manobi.com\/index.php?rest_route=%2Fwp%2Fv2%2Fcomments&post=1405"}],"version-history":[{"count":28,"href":"https:\/\/rrvcp.wordpress.manobi.com\/index.php?rest_route=\/wp\/v2\/pages\/1405\/revisions"}],"predecessor-version":[{"id":2079,"href":"https:\/\/rrvcp.wordpress.manobi.com\/index.php?rest_route=\/wp\/v2\/pages\/1405\/revisions\/2079"}],"wp:attachment":[{"href":"https:\/\/rrvcp.wordpress.manobi.com\/index.php?rest_route=%2Fwp%2Fv2%2Fmedia&parent=1405"}],"curies":[{"name":"wp","href":"https:\/\/api.w.org\/{rel}","templated":true}]}}