{"id":1402,"date":"2021-07-12T17:21:14","date_gmt":"2021-07-12T15:21:14","guid":{"rendered":"https:\/\/rrvcp.wordpress.manobi.com\/?page_id=1402"},"modified":"2021-07-19T00:33:18","modified_gmt":"2021-07-18T22:33:18","slug":"a-propos","status":"publish","type":"page","link":"https:\/\/rrvcp.wordpress.manobi.com\/","title":{"rendered":"A Propos"},"content":{"rendered":"\t\t<div data-elementor-type=\"wp-page\" data-elementor-id=\"1402\" class=\"elementor elementor-1402\" data-elementor-post-type=\"page\">\n\t\t\t\t\t\t<section class=\"elementor-section elementor-top-section elementor-element elementor-element-443acb26 elementor-section-height-full elementor-section-stretched elementor-section-full_width elementor-section-height-default elementor-section-items-middle\" data-id=\"443acb26\" data-element_type=\"section\" id=\"backhead\" data-settings=\"{&quot;background_background&quot;:&quot;classic&quot;,&quot;stretch_section&quot;:&quot;section-stretched&quot;}\">\n\t\t\t\t\t\t\t<div class=\"elementor-background-overlay\"><\/div>\n\t\t\t\t\t\t\t<div class=\"elementor-container elementor-column-gap-no\">\n\t\t\t\t\t<div class=\"elementor-column elementor-col-50 elementor-top-column elementor-element elementor-element-7deeb259\" data-id=\"7deeb259\" data-element_type=\"column\">\n\t\t\t<div class=\"elementor-widget-wrap elementor-element-populated\">\n\t\t\t\t\t\t<div class=\"elementor-element elementor-element-58f31d6e elementor-widget elementor-widget-heading\" data-id=\"58f31d6e\" data-element_type=\"widget\" data-widget_type=\"heading.default\">\n\t\t\t\t<div class=\"elementor-widget-container\">\n\t\t\t<h2 class=\"elementor-heading-title elementor-size-default\">Programme R\u00e9gional <br \/>de Cha\u00eene de Valeur de Riz <\/h2>\t\t<\/div>\n\t\t\t\t<\/div>\n\t\t\t\t\t<\/div>\n\t\t<\/div>\n\t\t\t\t<div class=\"elementor-column elementor-col-50 elementor-top-column elementor-element elementor-element-777ce66f\" data-id=\"777ce66f\" data-element_type=\"column\">\n\t\t\t<div class=\"elementor-widget-wrap\">\n\t\t\t\t\t\t\t<\/div>\n\t\t<\/div>\n\t\t\t\t\t<\/div>\n\t\t<\/section>\n\t\t\t\t<section class=\"elementor-section elementor-top-section elementor-element elementor-element-36b2a032 elementor-section-boxed elementor-section-height-default elementor-section-height-default\" data-id=\"36b2a032\" data-element_type=\"section\" id=\"propos\" data-settings=\"{&quot;background_background&quot;:&quot;classic&quot;}\">\n\t\t\t\t\t\t<div class=\"elementor-container elementor-column-gap-default\">\n\t\t\t\t\t<div class=\"elementor-column elementor-col-33 elementor-top-column elementor-element elementor-element-63039943\" data-id=\"63039943\" data-element_type=\"column\">\n\t\t\t<div class=\"elementor-widget-wrap\">\n\t\t\t\t\t\t\t<\/div>\n\t\t<\/div>\n\t\t\t\t<div class=\"elementor-column elementor-col-33 elementor-top-column elementor-element elementor-element-78a533b6\" data-id=\"78a533b6\" data-element_type=\"column\">\n\t\t\t<div class=\"elementor-widget-wrap elementor-element-populated\">\n\t\t\t\t\t\t<div class=\"elementor-element elementor-element-6cd4961 elementor-widget elementor-widget-image\" data-id=\"6cd4961\" data-element_type=\"widget\" data-widget_type=\"image.default\">\n\t\t\t\t<div class=\"elementor-widget-container\">\n\t\t\t\t\t\t\t\t\t\t\t\t\t<img decoding=\"async\" width=\"64\" height=\"64\" src=\"https:\/\/rrvcp.wordpress.manobi.com\/wp-content\/uploads\/sites\/19\/2021\/07\/info-2.png\" class=\"attachment-full size-full wp-image-1129\" alt=\"\" \/>\t\t\t\t\t\t\t\t\t\t\t\t\t<\/div>\n\t\t\t\t<\/div>\n\t\t\t\t\t<\/div>\n\t\t<\/div>\n\t\t\t\t<div class=\"elementor-column elementor-col-33 elementor-top-column elementor-element elementor-element-1691345d\" data-id=\"1691345d\" data-element_type=\"column\">\n\t\t\t<div class=\"elementor-widget-wrap\">\n\t\t\t\t\t\t\t<\/div>\n\t\t<\/div>\n\t\t\t\t\t<\/div>\n\t\t<\/section>\n\t\t\t\t<section class=\"elementor-section elementor-top-section elementor-element elementor-element-1ec2486b elementor-section-boxed elementor-section-height-default elementor-section-height-default\" data-id=\"1ec2486b\" data-element_type=\"section\" id=\"propos\" data-settings=\"{&quot;background_background&quot;:&quot;classic&quot;}\">\n\t\t\t\t\t\t<div class=\"elementor-container elementor-column-gap-default\">\n\t\t\t\t\t<div class=\"elementor-column elementor-col-33 elementor-top-column elementor-element elementor-element-3baeac5e\" data-id=\"3baeac5e\" data-element_type=\"column\">\n\t\t\t<div class=\"elementor-widget-wrap\">\n\t\t\t\t\t\t\t<\/div>\n\t\t<\/div>\n\t\t\t\t<div class=\"elementor-column elementor-col-33 elementor-top-column elementor-element elementor-element-6dc725c8\" data-id=\"6dc725c8\" data-element_type=\"column\">\n\t\t\t<div class=\"elementor-widget-wrap elementor-element-populated\">\n\t\t\t\t\t\t<div class=\"elementor-element elementor-element-24d263b3 elementor-widget elementor-widget-heading\" data-id=\"24d263b3\" data-element_type=\"widget\" data-widget_type=\"heading.default\">\n\t\t\t\t<div class=\"elementor-widget-container\">\n\t\t\t<h2 class=\"elementor-heading-title elementor-size-default\">A Propos<\/h2>\t\t<\/div>\n\t\t\t\t<\/div>\n\t\t\t\t\t<\/div>\n\t\t<\/div>\n\t\t\t\t<div class=\"elementor-column elementor-col-33 elementor-top-column elementor-element elementor-element-1c966b29\" data-id=\"1c966b29\" data-element_type=\"column\">\n\t\t\t<div class=\"elementor-widget-wrap\">\n\t\t\t\t\t\t\t<\/div>\n\t\t<\/div>\n\t\t\t\t\t<\/div>\n\t\t<\/section>\n\t\t\t\t<section class=\"elementor-section elementor-top-section elementor-element elementor-element-718f945 elementor-section-boxed elementor-section-height-default elementor-section-height-default\" data-id=\"718f945\" data-element_type=\"section\" id=\"propos\" data-settings=\"{&quot;background_background&quot;:&quot;classic&quot;}\">\n\t\t\t\t\t\t<div class=\"elementor-container elementor-column-gap-default\">\n\t\t\t\t\t<div class=\"elementor-column elementor-col-33 elementor-top-column elementor-element elementor-element-54a3c21c\" data-id=\"54a3c21c\" data-element_type=\"column\">\n\t\t\t<div class=\"elementor-widget-wrap\">\n\t\t\t\t\t\t\t<\/div>\n\t\t<\/div>\n\t\t\t\t<div class=\"elementor-column elementor-col-33 elementor-top-column elementor-element elementor-element-7097bea2\" data-id=\"7097bea2\" data-element_type=\"column\">\n\t\t\t<div class=\"elementor-widget-wrap elementor-element-populated\">\n\t\t\t\t\t\t<div class=\"elementor-element elementor-element-2c93c9fd elementor-widget elementor-widget-text-editor\" data-id=\"2c93c9fd\" data-element_type=\"widget\" data-widget_type=\"text-editor.default\">\n\t\t\t\t<div class=\"elementor-widget-container\">\n\t\t\t\t\t\t\tLe riz est cultiv\u00e9 dans 40 des 54 pays d&#8217;Afrique. Dans certains pays d&#8217;Afrique, l&#8217;investissement priv\u00e9 comme public dans l&#8217;agriculture est faible. Aussi la volatilit\u00e9 du climat a un impact s\u00e9rieux sur la production de riz et la s\u00e9curit\u00e9 alimentaire.\n\nEn 2018, la Banque Islamique de D\u00e9veloppement a lanc\u00e9 le Programme R\u00e9gional de Cha\u00eene de Valeur de Riz qui va aider ces 10 pays (S\u00e9n\u00e9gal, Gambie, Guin\u00e9e, Sierra Leone, Niger, B\u00e9nin, Burkina Faso, Mali, C\u00f4te d&#8217;Ivoire, Cameroun) \u00e0 atteindre l&#8217;autosuffisance alimentaire en riz d&#8217;ici 2025.\t\t\t\t\t\t<\/div>\n\t\t\t\t<\/div>\n\t\t\t\t\t<\/div>\n\t\t<\/div>\n\t\t\t\t<div class=\"elementor-column elementor-col-33 elementor-top-column elementor-element elementor-element-500d19ab\" data-id=\"500d19ab\" data-element_type=\"column\">\n\t\t\t<div class=\"elementor-widget-wrap\">\n\t\t\t\t\t\t\t<\/div>\n\t\t<\/div>\n\t\t\t\t\t<\/div>\n\t\t<\/section>\n\t\t\t\t<section class=\"elementor-section elementor-top-section elementor-element elementor-element-9180c12 elementor-section-boxed elementor-section-height-default elementor-section-height-default\" data-id=\"9180c12\" data-element_type=\"section\" data-settings=\"{&quot;background_background&quot;:&quot;classic&quot;}\">\n\t\t\t\t\t\t<div class=\"elementor-container elementor-column-gap-default\">\n\t\t\t\t\t<div class=\"elementor-column elementor-col-33 elementor-top-column elementor-element elementor-element-7ef73aa\" data-id=\"7ef73aa\" data-element_type=\"column\">\n\t\t\t<div class=\"elementor-widget-wrap\">\n\t\t\t\t\t\t\t<\/div>\n\t\t<\/div>\n\t\t\t\t<div class=\"elementor-column elementor-col-33 elementor-top-column elementor-element elementor-element-1183cb8d\" data-id=\"1183cb8d\" data-element_type=\"column\">\n\t\t\t<div class=\"elementor-widget-wrap elementor-element-populated\">\n\t\t\t\t\t\t<div class=\"elementor-element elementor-element-28555b1 elementor--h-position-center elementor--v-position-middle elementor-arrows-position-inside elementor-pagination-position-inside elementor-widget elementor-widget-slides\" data-id=\"28555b1\" data-element_type=\"widget\" data-settings=\"{&quot;navigation&quot;:&quot;both&quot;,&quot;autoplay&quot;:&quot;yes&quot;,&quot;pause_on_hover&quot;:&quot;yes&quot;,&quot;pause_on_interaction&quot;:&quot;yes&quot;,&quot;autoplay_speed&quot;:5000,&quot;infinite&quot;:&quot;yes&quot;,&quot;transition&quot;:&quot;slide&quot;,&quot;transition_speed&quot;:500}\" data-widget_type=\"slides.default\">\n\t\t\t\t<div class=\"elementor-widget-container\">\n\t\t\t\t\t<div class=\"elementor-swiper\">\n\t\t\t<div class=\"elementor-slides-wrapper elementor-main-swiper swiper-container\" dir=\"ltr\" data-animation=\"fadeInUp\">\n\t\t\t\t<div class=\"swiper-wrapper elementor-slides\">\n\t\t\t\t\t\t\t\t\t\t<div class=\"elementor-repeater-item-e3f6916 swiper-slide\"><div class=\"swiper-slide-bg elementor-ken-burns elementor-ken-burns--out\" role=\"img\"><\/div><div class=\"swiper-slide-inner\" ><div class=\"swiper-slide-contents\"><\/div><\/div><\/div>\t\t\t\t<\/div>\n\t\t\t\t\t\t\t<\/div>\n\t\t<\/div>\n\t\t\t\t<\/div>\n\t\t\t\t<\/div>\n\t\t\t\t\t<\/div>\n\t\t<\/div>\n\t\t\t\t<div class=\"elementor-column elementor-col-33 elementor-top-column elementor-element elementor-element-8b7bb6a\" data-id=\"8b7bb6a\" data-element_type=\"column\">\n\t\t\t<div class=\"elementor-widget-wrap\">\n\t\t\t\t\t\t\t<\/div>\n\t\t<\/div>\n\t\t\t\t\t<\/div>\n\t\t<\/section>\n\t\t\t\t<section class=\"elementor-section elementor-top-section elementor-element elementor-element-3318b217 elementor-section-full_width elementor-section-stretched elementor-section-height-default elementor-section-height-default\" data-id=\"3318b217\" data-element_type=\"section\" data-settings=\"{&quot;stretch_section&quot;:&quot;section-stretched&quot;}\">\n\t\t\t\t\t\t<div class=\"elementor-container elementor-column-gap-no\">\n\t\t\t\t\t\t<\/div>\n\t\t<\/section>\n\t\t\t\t<\/div>\n\t\t","protected":false},"excerpt":{"rendered":"<p>Programme R\u00e9gional de Cha\u00eene de Valeur de Riz A Propos Le riz est cultiv\u00e9 dans 40 des 54 pays d&#8217;Afrique. Dans certains pays d&#8217;Afrique, l&#8217;investissement priv\u00e9 comme public dans l&#8217;agriculture est faible. Aussi la volatilit\u00e9 du climat a un impact s\u00e9rieux sur la production de riz et la s\u00e9curit\u00e9 alimentaire. En 2018, la Banque Islamique [&hellip;]<\/p>\n","protected":false},"author":9,"featured_media":0,"parent":0,"menu_order":0,"comment_status":"closed","ping_status":"closed","template":"elementor_header_footer","meta":{"footnotes":"","_links_to":"","_links_to_target":""},"yoast_head":"<!-- This site is optimized with the Yoast SEO plugin v22.1 - https:\/\/yoast.com\/wordpress\/plugins\/seo\/ -->\n<title>A Propos -<\/title>\n<meta name=\"robots\" content=\"index, follow, max-snippet:-1, max-image-preview:large, max-video-preview:-1\" \/>\n<link rel=\"canonical\" href=\"https:\/\/rrvcp.wordpress.manobi.com\/\" \/>\n<meta property=\"og:locale\" content=\"fr_FR\" \/>\n<meta property=\"og:type\" content=\"article\" \/>\n<meta property=\"og:title\" content=\"A Propos -\" \/>\n<meta property=\"og:description\" content=\"Programme R\u00e9gional de Cha\u00eene de Valeur de Riz A Propos Le riz est cultiv\u00e9 dans 40 des 54 pays d&#8217;Afrique. Dans certains pays d&#8217;Afrique, l&#8217;investissement priv\u00e9 comme public dans l&#8217;agriculture est faible. Aussi la volatilit\u00e9 du climat a un impact s\u00e9rieux sur la production de riz et la s\u00e9curit\u00e9 alimentaire. En 2018, la Banque Islamique [&hellip;]\" \/>\n<meta property=\"og:url\" content=\"https:\/\/rrvcp.wordpress.manobi.com\/\" \/>\n<meta property=\"article:modified_time\" content=\"2021-07-18T22:33:18+00:00\" \/>\n<meta property=\"og:image\" content=\"https:\/\/rrvcp.wordpress.manobi.com\/wp-content\/uploads\/sites\/19\/2021\/07\/info-2.png\" \/>\n<meta name=\"twitter:card\" content=\"summary_large_image\" \/>\n<meta name=\"twitter:label1\" content=\"Dur\u00e9e de lecture estim\u00e9e\" \/>\n\t<meta name=\"twitter:data1\" content=\"1 minute\" \/>\n<script type=\"application\/ld+json\" class=\"yoast-schema-graph\">{\"@context\":\"https:\/\/schema.org\",\"@graph\":[{\"@type\":\"WebPage\",\"@id\":\"https:\/\/rrvcp.wordpress.manobi.com\/\",\"url\":\"https:\/\/rrvcp.wordpress.manobi.com\/\",\"name\":\"A Propos -\",\"isPartOf\":{\"@id\":\"https:\/\/rrvcp.wordpress.manobi.com\/#website\"},\"datePublished\":\"2021-07-12T15:21:14+00:00\",\"dateModified\":\"2021-07-18T22:33:18+00:00\",\"breadcrumb\":{\"@id\":\"https:\/\/rrvcp.wordpress.manobi.com\/#breadcrumb\"},\"inLanguage\":\"fr-FR\",\"potentialAction\":[{\"@type\":\"ReadAction\",\"target\":[\"https:\/\/rrvcp.wordpress.manobi.com\/\"]}]},{\"@type\":\"BreadcrumbList\",\"@id\":\"https:\/\/rrvcp.wordpress.manobi.com\/#breadcrumb\",\"itemListElement\":[{\"@type\":\"ListItem\",\"position\":1,\"name\":\"Accueil\",\"item\":\"https:\/\/rrvcp.wordpress.manobi.com\/\"},{\"@type\":\"ListItem\",\"position\":2,\"name\":\"A Propos\"}]},{\"@type\":\"WebSite\",\"@id\":\"https:\/\/rrvcp.wordpress.manobi.com\/#website\",\"url\":\"https:\/\/rrvcp.wordpress.manobi.com\/\",\"name\":\"\",\"description\":\"\",\"potentialAction\":[{\"@type\":\"SearchAction\",\"target\":{\"@type\":\"EntryPoint\",\"urlTemplate\":\"https:\/\/rrvcp.wordpress.manobi.com\/?s={search_term_string}\"},\"query-input\":\"required name=search_term_string\"}],\"inLanguage\":\"fr-FR\"}]}<\/script>\n<!-- \/ Yoast SEO plugin. -->","yoast_head_json":{"title":"A Propos -","robots":{"index":"index","follow":"follow","max-snippet":"max-snippet:-1","max-image-preview":"max-image-preview:large","max-video-preview":"max-video-preview:-1"},"canonical":"https:\/\/rrvcp.wordpress.manobi.com\/","og_locale":"fr_FR","og_type":"article","og_title":"A Propos -","og_description":"Programme R\u00e9gional de Cha\u00eene de Valeur de Riz A Propos Le riz est cultiv\u00e9 dans 40 des 54 pays d&#8217;Afrique. Dans certains pays d&#8217;Afrique, l&#8217;investissement priv\u00e9 comme public dans l&#8217;agriculture est faible. Aussi la volatilit\u00e9 du climat a un impact s\u00e9rieux sur la production de riz et la s\u00e9curit\u00e9 alimentaire. En 2018, la Banque Islamique [&hellip;]","og_url":"https:\/\/rrvcp.wordpress.manobi.com\/","article_modified_time":"2021-07-18T22:33:18+00:00","og_image":[{"url":"https:\/\/rrvcp.wordpress.manobi.com\/wp-content\/uploads\/sites\/19\/2021\/07\/info-2.png"}],"twitter_card":"summary_large_image","twitter_misc":{"Dur\u00e9e de lecture estim\u00e9e":"1 minute"},"schema":{"@context":"https:\/\/schema.org","@graph":[{"@type":"WebPage","@id":"https:\/\/rrvcp.wordpress.manobi.com\/","url":"https:\/\/rrvcp.wordpress.manobi.com\/","name":"A Propos -","isPartOf":{"@id":"https:\/\/rrvcp.wordpress.manobi.com\/#website"},"datePublished":"2021-07-12T15:21:14+00:00","dateModified":"2021-07-18T22:33:18+00:00","breadcrumb":{"@id":"https:\/\/rrvcp.wordpress.manobi.com\/#breadcrumb"},"inLanguage":"fr-FR","potentialAction":[{"@type":"ReadAction","target":["https:\/\/rrvcp.wordpress.manobi.com\/"]}]},{"@type":"BreadcrumbList","@id":"https:\/\/rrvcp.wordpress.manobi.com\/#breadcrumb","itemListElement":[{"@type":"ListItem","position":1,"name":"Accueil","item":"https:\/\/rrvcp.wordpress.manobi.com\/"},{"@type":"ListItem","position":2,"name":"A Propos"}]},{"@type":"WebSite","@id":"https:\/\/rrvcp.wordpress.manobi.com\/#website","url":"https:\/\/rrvcp.wordpress.manobi.com\/","name":"","description":"","potentialAction":[{"@type":"SearchAction","target":{"@type":"EntryPoint","urlTemplate":"https:\/\/rrvcp.wordpress.manobi.com\/?s={search_term_string}"},"query-input":"required name=search_term_string"}],"inLanguage":"fr-FR"}]}},"_links":{"self":[{"href":"https:\/\/rrvcp.wordpress.manobi.com\/index.php?rest_route=\/wp\/v2\/pages\/1402"}],"collection":[{"href":"https:\/\/rrvcp.wordpress.manobi.com\/index.php?rest_route=\/wp\/v2\/pages"}],"about":[{"href":"https:\/\/rrvcp.wordpress.manobi.com\/index.php?rest_route=\/wp\/v2\/types\/page"}],"author":[{"embeddable":true,"href":"https:\/\/rrvcp.wordpress.manobi.com\/index.php?rest_route=\/wp\/v2\/users\/9"}],"replies":[{"embeddable":true,"href":"https:\/\/rrvcp.wordpress.manobi.com\/index.php?rest_route=%2Fwp%2Fv2%2Fcomments&post=1402"}],"version-history":[{"count":31,"href":"https:\/\/rrvcp.wordpress.manobi.com\/index.php?rest_route=\/wp\/v2\/pages\/1402\/revisions"}],"predecessor-version":[{"id":2076,"href":"https:\/\/rrvcp.wordpress.manobi.com\/index.php?rest_route=\/wp\/v2\/pages\/1402\/revisions\/2076"}],"wp:attachment":[{"href":"https:\/\/rrvcp.wordpress.manobi.com\/index.php?rest_route=%2Fwp%2Fv2%2Fmedia&parent=1402"}],"curies":[{"name":"wp","href":"https:\/\/api.w.org\/{rel}","templated":true}]}}